{"id":11,"date":"2024-12-12T15:10:53","date_gmt":"2024-12-12T15:10:53","guid":{"rendered":"https:\/\/scs.webikoo.pro\/?page_id=11"},"modified":"2025-03-10T16:04:44","modified_gmt":"2025-03-10T16:04:44","slug":"actualites","status":"publish","type":"page","link":"https:\/\/scs.webikoo.pro\/en\/actualites\/","title":{"rendered":"News"},"content":{"rendered":"<div data-elementor-type=\"wp-page\" data-elementor-id=\"11\" class=\"elementor elementor-11\">\n\t\t\t\t<div class=\"elementor-element elementor-element-b10c2f1 e-flex e-con-boxed wpr-sticky-section-no wpr-equal-height-no e-con e-parent\" data-id=\"b10c2f1\" data-element_type=\"container\" data-e-type=\"container\" data-settings=\"{&quot;background_background&quot;:&quot;classic&quot;}\">\n\t\t\t\t\t<div class=\"e-con-inner\">\n\t\t<div class=\"elementor-element elementor-element-a94b2b7 e-con-full e-flex wpr-sticky-section-no wpr-equal-height-no elementor-invisible e-con e-child\" data-id=\"a94b2b7\" data-element_type=\"container\" data-e-type=\"container\" data-settings=\"{&quot;animation&quot;:&quot;fadeInLeft&quot;,&quot;animation_mobile&quot;:&quot;fadeInUp&quot;}\">\n\t\t\t\t<div class=\"elementor-element elementor-element-76f3bad elementor-widget elementor-widget-heading\" data-id=\"76f3bad\" data-element_type=\"widget\" data-e-type=\"widget\" data-widget_type=\"heading.default\">\n\t\t\t\t<div class=\"elementor-widget-container\">\n\t\t\t\t\t<h2 class=\"elementor-heading-title elementor-size-default\">Discover our <br>news.<\/h2>\t\t\t\t<\/div>\n\t\t\t\t<\/div>\n\t\t\t\t<\/div>\n\t\t\t\t\t<\/div>\n\t\t\t\t<\/div>\n\t\t<div class=\"elementor-element elementor-element-7518b23 e-flex e-con-boxed wpr-sticky-section-no wpr-equal-height-no e-con e-parent\" data-id=\"7518b23\" data-element_type=\"container\" data-e-type=\"container\" data-settings=\"{&quot;background_background&quot;:&quot;classic&quot;}\">\n\t\t\t\t\t<div class=\"e-con-inner\">\n\t\t<div class=\"elementor-element elementor-element-ce9bd50 e-con-full e-flex wpr-sticky-section-no wpr-equal-height-no e-con e-child\" data-id=\"ce9bd50\" data-element_type=\"container\" data-e-type=\"container\">\n\t\t\t\t<div class=\"elementor-element elementor-element-dfa00ec premium-blog-align-left elementor-invisible elementor-widget elementor-widget-premium-addon-blog\" data-id=\"dfa00ec\" data-element_type=\"widget\" data-e-type=\"widget\" data-settings=\"{&quot;force_height&quot;:&quot;true&quot;,&quot;premium_blog_columns_number&quot;:&quot;33.33%&quot;,&quot;_animation&quot;:&quot;fadeInUp&quot;,&quot;premium_blog_grid&quot;:&quot;yes&quot;,&quot;premium_blog_layout&quot;:&quot;even&quot;,&quot;premium_blog_columns_number_tablet&quot;:&quot;50%&quot;,&quot;premium_blog_columns_number_mobile&quot;:&quot;100%&quot;,&quot;scroll_to_offset&quot;:&quot;yes&quot;}\" data-widget_type=\"premium-addon-blog.default\">\n\t\t\t\t<div class=\"elementor-widget-container\">\n\t\t\t\t\t\n\t\t\n\n\t\t\t\t<div class=\"premium-blog-wrap  premium-blog-even\" data-page=\"11\">\n\t\t\t\t\t\t\t\t\t<div class=\"premium-blog-post-outer-container\" data-total=\"1\">\n\t\t\t<div class=\"premium-blog-post-container premium-blog-skin-cards\">\n\t\t\t\t\t\t\t\t\t<div class=\"premium-blog-thumb-effect-wrapper\">\n\t\t\t\t\t\t<div class=\"premium-blog-thumbnail-container premium-blog-zoomin-effect\">\n\t\t\t\t\t\t\t\t\t\t\t<a href=\"https:\/\/scs.webikoo.pro\/en\/hello-world\/\" target=\"_self\">\n\t\t\t\t<img fetchpriority=\"high\" decoding=\"async\" width=\"1280\" height=\"854\" src=\"https:\/\/scs.webikoo.pro\/wp-content\/uploads\/2024\/12\/sennconn1.jpeg\" class=\"attachment-full size-full wp-image-1160\" alt=\"\" srcset=\"https:\/\/scs.webikoo.pro\/wp-content\/uploads\/2024\/12\/sennconn1.jpeg 1280w, https:\/\/scs.webikoo.pro\/wp-content\/uploads\/2024\/12\/sennconn1-300x200.jpeg 300w, https:\/\/scs.webikoo.pro\/wp-content\/uploads\/2024\/12\/sennconn1-1024x683.jpeg 1024w, https:\/\/scs.webikoo.pro\/wp-content\/uploads\/2024\/12\/sennconn1-768x512.jpeg 768w\" sizes=\"(max-width: 1280px) 100vw, 1280px\" \/>\t\t\t\t<\/a>\n\t\t\t\t\t\t\t\t\t\t<\/div>\n\t\t\t\t\t\t\t\t\t\t\t\t\t<div class=\"premium-blog-effect-container premium-blog-framed-effect\">\n\t\t\t\t\t\t\t\t<a class=\"premium-blog-post-link\" href=\"https:\/\/scs.webikoo.pro\/en\/hello-world\/\" target=\"_self\"><span>Senegal Connect to the International Telecommunications Union<\/span><\/a>\n\t\t\t\t\t\t\t\t\t\t\t\t\t\t\t<\/div>\n\t\t\t\t\t\t\t\t\t\t\t<\/div>\n\t\t\t\t\t\t\t\t\t\t\t\t\t\t\t\t\t\t\t\t\t<div class=\"premium-blog-content-wrapper\">\n\n\t\t\t\t\t<div class=\"premium-blog-inner-container\">\n\n\t\t\t\t\t\t\t\t\t\t\t\t\t\t<h2 class=\"premium-blog-entry-title\">\n\t\t\t<a href=\"https:\/\/scs.webikoo.pro\/en\/hello-world\/\" target=\"_self\">\n\t\t\t\tSenegal Connect to the International Telecommunications Union\t\t\t<\/a>\n\t\t<\/h2>\n\t\t\n\t\t\t\t\t<\/div>\n\n\t\t\t\t\t\t\t<div class=\"premium-blog-content-inner-wrapper\">\n\t\t<p class=\"premium-blog-post-content\">Senegal Connect is a worthy representative of Senegal in an instance such as the International Telecommunications Union ...<\/p>\t\t<\/div>\n\t\t\t\t<div class=\"premium-blog-entry-meta\">\n\t\t\t\n\t\t\t\t\t\t\t<span class=\"premium-blog-meta-separator\">\u2022<\/span>\n\t\t\t\t<div class=\"premium-blog-post-time premium-blog-meta-data\">\n\t\t\t\t\t<i class=\"fa fa-calendar-alt\" aria-hidden=\"true\"><\/i>\n\t\t\t\t\t<span>December 18, 2024<\/span>\n\t\t\t\t<\/div>\n\t\t\t\n\t\t\t\n\t\t\t\t\t<\/div>\n\t\t\t\t\t\t\t\n\t\t\t\t<\/div>\n\t\t\t<\/div>\n\t\t<\/div>\n\n\t\t\t\t<div class=\"premium-blog-post-outer-container\" data-total=\"1\">\n\t\t\t<div class=\"premium-blog-post-container premium-blog-skin-cards\">\n\t\t\t\t\t\t\t\t\t<div class=\"premium-blog-thumb-effect-wrapper\">\n\t\t\t\t\t\t<div class=\"premium-blog-thumbnail-container premium-blog-zoomin-effect\">\n\t\t\t\t\t\t\t\t\t\t\t<a href=\"https:\/\/scs.webikoo.pro\/en\/conference-africaine-des-startups\/\" target=\"_self\">\n\t\t\t\t<img decoding=\"async\" width=\"1080\" height=\"810\" src=\"https:\/\/scs.webikoo.pro\/wp-content\/uploads\/2024\/12\/conf.jpeg\" class=\"attachment-full size-full wp-image-1143\" alt=\"\" srcset=\"https:\/\/scs.webikoo.pro\/wp-content\/uploads\/2024\/12\/conf.jpeg 1080w, https:\/\/scs.webikoo.pro\/wp-content\/uploads\/2024\/12\/conf-300x225.jpeg 300w, https:\/\/scs.webikoo.pro\/wp-content\/uploads\/2024\/12\/conf-1024x768.jpeg 1024w, https:\/\/scs.webikoo.pro\/wp-content\/uploads\/2024\/12\/conf-768x576.jpeg 768w\" sizes=\"(max-width: 1080px) 100vw, 1080px\" \/>\t\t\t\t<\/a>\n\t\t\t\t\t\t\t\t\t\t<\/div>\n\t\t\t\t\t\t\t\t\t\t\t\t\t<div class=\"premium-blog-effect-container premium-blog-framed-effect\">\n\t\t\t\t\t\t\t\t<a class=\"premium-blog-post-link\" href=\"https:\/\/scs.webikoo.pro\/en\/conference-africaine-des-startups\/\" target=\"_self\"><span>African Startup Conference<\/span><\/a>\n\t\t\t\t\t\t\t\t\t\t\t\t\t\t\t<\/div>\n\t\t\t\t\t\t\t\t\t\t\t<\/div>\n\t\t\t\t\t\t\t\t\t\t\t\t\t\t\t\t\t\t\t\t\t<div class=\"premium-blog-content-wrapper\">\n\n\t\t\t\t\t<div class=\"premium-blog-inner-container\">\n\n\t\t\t\t\t\t\t\t\t\t\t\t\t\t<h2 class=\"premium-blog-entry-title\">\n\t\t\t<a href=\"https:\/\/scs.webikoo.pro\/en\/conference-africaine-des-startups\/\" target=\"_self\">\n\t\t\t\tAfrican Startup Conference\t\t\t<\/a>\n\t\t<\/h2>\n\t\t\n\t\t\t\t\t<\/div>\n\n\t\t\t\t\t\t\t<div class=\"premium-blog-content-inner-wrapper\">\n\t\t<p class=\"premium-blog-post-content\">The Senegalese delegation led by Ms Fatou Binetou Ndiaye, Secretary-General of the Ministry of ...<\/p>\t\t<\/div>\n\t\t\t\t<div class=\"premium-blog-entry-meta\">\n\t\t\t\n\t\t\t\t\t\t\t<span class=\"premium-blog-meta-separator\">\u2022<\/span>\n\t\t\t\t<div class=\"premium-blog-post-time premium-blog-meta-data\">\n\t\t\t\t\t<i class=\"fa fa-calendar-alt\" aria-hidden=\"true\"><\/i>\n\t\t\t\t\t<span>December 17, 2024<\/span>\n\t\t\t\t<\/div>\n\t\t\t\n\t\t\t\n\t\t\t\t\t<\/div>\n\t\t\t\t\t\t\t\n\t\t\t\t<\/div>\n\t\t\t<\/div>\n\t\t<\/div>\n\n\t\t\t\t<div class=\"premium-blog-post-outer-container\" data-total=\"1\">\n\t\t\t<div class=\"premium-blog-post-container premium-blog-skin-cards\">\n\t\t\t\t\t\t\t\t\t<div class=\"premium-blog-thumb-effect-wrapper\">\n\t\t\t\t\t\t<div class=\"premium-blog-thumbnail-container premium-blog-zoomin-effect\">\n\t\t\t\t\t\t\t\t\t\t\t<a href=\"https:\/\/scs.webikoo.pro\/en\/workshop-consacre-a-la-nouvelle-strategie-numerique\/\" target=\"_self\">\n\t\t\t\t<img decoding=\"async\" width=\"2048\" height=\"1366\" src=\"https:\/\/scs.webikoo.pro\/wp-content\/uploads\/2024\/12\/raky-kane2.jpeg\" class=\"attachment-full size-full wp-image-1165\" alt=\"\" srcset=\"https:\/\/scs.webikoo.pro\/wp-content\/uploads\/2024\/12\/raky-kane2.jpeg 2048w, https:\/\/scs.webikoo.pro\/wp-content\/uploads\/2024\/12\/raky-kane2-300x200.jpeg 300w, https:\/\/scs.webikoo.pro\/wp-content\/uploads\/2024\/12\/raky-kane2-1024x683.jpeg 1024w, https:\/\/scs.webikoo.pro\/wp-content\/uploads\/2024\/12\/raky-kane2-768x512.jpeg 768w, https:\/\/scs.webikoo.pro\/wp-content\/uploads\/2024\/12\/raky-kane2-1536x1025.jpeg 1536w\" sizes=\"(max-width: 2048px) 100vw, 2048px\" \/>\t\t\t\t<\/a>\n\t\t\t\t\t\t\t\t\t\t<\/div>\n\t\t\t\t\t\t\t\t\t\t\t\t\t<div class=\"premium-blog-effect-container premium-blog-framed-effect\">\n\t\t\t\t\t\t\t\t<a class=\"premium-blog-post-link\" href=\"https:\/\/scs.webikoo.pro\/en\/workshop-consacre-a-la-nouvelle-strategie-numerique\/\" target=\"_self\"><span>Workshop on the new Digital Strategy<\/span><\/a>\n\t\t\t\t\t\t\t\t\t\t\t\t\t\t\t<\/div>\n\t\t\t\t\t\t\t\t\t\t\t<\/div>\n\t\t\t\t\t\t\t\t\t\t\t\t\t\t\t\t\t\t\t\t\t<div class=\"premium-blog-content-wrapper\">\n\n\t\t\t\t\t<div class=\"premium-blog-inner-container\">\n\n\t\t\t\t\t\t\t\t\t\t\t\t\t\t<h2 class=\"premium-blog-entry-title\">\n\t\t\t<a href=\"https:\/\/scs.webikoo.pro\/en\/workshop-consacre-a-la-nouvelle-strategie-numerique\/\" target=\"_self\">\n\t\t\t\tWorkshop on the new Digital Strategy\t\t\t<\/a>\n\t\t<\/h2>\n\t\t\n\t\t\t\t\t<\/div>\n\n\t\t\t\t\t\t\t<div class=\"premium-blog-content-inner-wrapper\">\n\t\t<p class=\"premium-blog-post-content\">On Saturday, October 12, we met with the players of the Senegalese digital ecosystem ...<\/p>\t\t<\/div>\n\t\t\t\t<div class=\"premium-blog-entry-meta\">\n\t\t\t\n\t\t\t\t\t\t\t<span class=\"premium-blog-meta-separator\">\u2022<\/span>\n\t\t\t\t<div class=\"premium-blog-post-time premium-blog-meta-data\">\n\t\t\t\t\t<i class=\"fa fa-calendar-alt\" aria-hidden=\"true\"><\/i>\n\t\t\t\t\t<span>December 16, 2024<\/span>\n\t\t\t\t<\/div>\n\t\t\t\n\t\t\t\n\t\t\t\t\t<\/div>\n\t\t\t\t\t\t\t\n\t\t\t\t<\/div>\n\t\t\t<\/div>\n\t\t<\/div>\n\n\t\t\t\t<div class=\"premium-blog-post-outer-container\" data-total=\"1\">\n\t\t\t<div class=\"premium-blog-post-container premium-blog-skin-cards\">\n\t\t\t\t\t\t\t\t\t<div class=\"premium-blog-thumb-effect-wrapper\">\n\t\t\t\t\t\t<div class=\"premium-blog-thumbnail-container premium-blog-zoomin-effect\">\n\t\t\t\t\t\t\t\t\t\t\t<a href=\"https:\/\/scs.webikoo.pro\/en\/atelier-de-renforcement-de-capacite-des-cdpe-sur-la-protection-des-enfants-en-ligne\/\" target=\"_self\">\n\t\t\t\t<img loading=\"lazy\" decoding=\"async\" width=\"1280\" height=\"960\" src=\"https:\/\/scs.webikoo.pro\/wp-content\/uploads\/2024\/12\/cape2.jpeg\" class=\"attachment-full size-full wp-image-1192\" alt=\"\" srcset=\"https:\/\/scs.webikoo.pro\/wp-content\/uploads\/2024\/12\/cape2.jpeg 1280w, https:\/\/scs.webikoo.pro\/wp-content\/uploads\/2024\/12\/cape2-300x225.jpeg 300w, https:\/\/scs.webikoo.pro\/wp-content\/uploads\/2024\/12\/cape2-1024x768.jpeg 1024w, https:\/\/scs.webikoo.pro\/wp-content\/uploads\/2024\/12\/cape2-768x576.jpeg 768w\" sizes=\"(max-width: 1280px) 100vw, 1280px\" \/>\t\t\t\t<\/a>\n\t\t\t\t\t\t\t\t\t\t<\/div>\n\t\t\t\t\t\t\t\t\t\t\t\t\t<div class=\"premium-blog-effect-container premium-blog-framed-effect\">\n\t\t\t\t\t\t\t\t<a class=\"premium-blog-post-link\" href=\"https:\/\/scs.webikoo.pro\/en\/atelier-de-renforcement-de-capacite-des-cdpe-sur-la-protection-des-enfants-en-ligne\/\" target=\"_self\"><span>ECCD Capacity Building Workshop on Online Child Protection<\/span><\/a>\n\t\t\t\t\t\t\t\t\t\t\t\t\t\t\t<\/div>\n\t\t\t\t\t\t\t\t\t\t\t<\/div>\n\t\t\t\t\t\t\t\t\t\t\t\t\t\t\t\t\t\t\t\t\t<div class=\"premium-blog-content-wrapper\">\n\n\t\t\t\t\t<div class=\"premium-blog-inner-container\">\n\n\t\t\t\t\t\t\t\t\t\t\t\t\t\t<h2 class=\"premium-blog-entry-title\">\n\t\t\t<a href=\"https:\/\/scs.webikoo.pro\/en\/atelier-de-renforcement-de-capacite-des-cdpe-sur-la-protection-des-enfants-en-ligne\/\" target=\"_self\">\n\t\t\t\tECCD Capacity Building Workshop on Online Child Protection\t\t\t<\/a>\n\t\t<\/h2>\n\t\t\n\t\t\t\t\t<\/div>\n\n\t\t\t\t\t\t\t<div class=\"premium-blog-content-inner-wrapper\">\n\t\t<p class=\"premium-blog-post-content\">Senegal Connect Startup (SCS) participated alongside the Protection Support Cell ...<\/p>\t\t<\/div>\n\t\t\t\t<div class=\"premium-blog-entry-meta\">\n\t\t\t\n\t\t\t\t\t\t\t<span class=\"premium-blog-meta-separator\">\u2022<\/span>\n\t\t\t\t<div class=\"premium-blog-post-time premium-blog-meta-data\">\n\t\t\t\t\t<i class=\"fa fa-calendar-alt\" aria-hidden=\"true\"><\/i>\n\t\t\t\t\t<span>December 15, 2024<\/span>\n\t\t\t\t<\/div>\n\t\t\t\n\t\t\t\n\t\t\t\t\t<\/div>\n\t\t\t\t\t\t\t\n\t\t\t\t<\/div>\n\t\t\t<\/div>\n\t\t<\/div>\n\n\t\t\t\t\t\t\t<\/div>\n\n\t\t\n\t\t\n\t\t\t\t\t\t<\/div>\n\t\t\t\t<\/div>\n\t\t\t\t<\/div>\n\t\t\t\t\t<\/div>\n\t\t\t\t<\/div>\n\t\t\t\t<\/div>","protected":false},"excerpt":{"rendered":"<p>D\u00e9couvrez nos actualit\u00e9s. Senegal Connect \u00e0 l&rsquo;Union International des T\u00e9l\u00e9communications Senegal Connect \u00e0 l&rsquo;Union International des T\u00e9l\u00e9communications Senegal Connect repr\u00e9sente dignement le Senegal dans une instance telle que l\u2019Union International des Telecommunications \u2026 \u2022 d\u00e9cembre 18, 2024 Conf\u00e9rence Africaine des Startups Conf\u00e9rence Africaine des Startups La d\u00e9l\u00e9gation s\u00e9n\u00e9galaise conduite par Mme Fatou Binetou Ndiaye, Secr\u00e9taire g\u00e9n\u00e9ral du Minist\u00e8re de la \u2026 \u2022 d\u00e9cembre 17, 2024 Workshop consacr\u00e9 \u00e0 la Nouvelle Strat\u00e9gie Num\u00e9rique Workshop consacr\u00e9 \u00e0 la Nouvelle Strat\u00e9gie Num\u00e9rique Ce samedi 12 octobre, nous nous sommes r\u00e9unis avec les acteurs de l\u2019\u00e9cosyst\u00e8me num\u00e9rique s\u00e9n\u00e9galais \u2026 \u2022 d\u00e9cembre 16, 2024 Atelier de renforcement de capacit\u00e9 des CDPE sur la protection des enfants en ligne Atelier de renforcement de capacit\u00e9 des CDPE sur la protection des enfants en ligne Senegal Connect Startup (SCS) a particip\u00e9 aux c\u00f4t\u00e9s de la Cellule d&rsquo;appui \u00e0 la protection \u2026 \u2022 d\u00e9cembre 15, 2024<\/p>","protected":false},"author":2,"featured_media":0,"parent":0,"menu_order":0,"comment_status":"closed","ping_status":"closed","template":"","meta":{"site-sidebar-layout":"no-sidebar","site-content-layout":"","ast-site-content-layout":"full-width-container","site-content-style":"default","site-sidebar-style":"default","ast-global-header-display":"","ast-banner-title-visibility":"","ast-main-header-display":"","ast-hfb-above-header-display":"","ast-hfb-below-header-display":"","ast-hfb-mobile-header-display":"","site-post-title":"disabled","ast-breadcrumbs-content":"","ast-featured-img":"disabled","footer-sml-layout":"","ast-disable-related-posts":"","theme-transparent-header-meta":"","adv-header-id-meta":"","stick-header-meta":"","header-above-stick-meta":"","header-main-stick-meta":"","header-below-stick-meta":"","astra-migrate-meta-layouts":"default","ast-page-background-enabled":"default","ast-page-background-meta":{"desktop":{"background-color":"var(--ast-global-color-4)","background-image":"","background-repeat":"repeat","background-position":"center center","background-size":"auto","background-attachment":"scroll","background-type":"","background-media":"","overlay-type":"","overlay-color":"","overlay-opacity":"","overlay-gradient":""},"tablet":{"background-color":"","background-image":"","background-repeat":"repeat","background-position":"center center","background-size":"auto","background-attachment":"scroll","background-type":"","background-media":"","overlay-type":"","overlay-color":"","overlay-opacity":"","overlay-gradient":""},"mobile":{"background-color":"","background-image":"","background-repeat":"repeat","background-position":"center center","background-size":"auto","background-attachment":"scroll","background-type":"","background-media":"","overlay-type":"","overlay-color":"","overlay-opacity":"","overlay-gradient":""}},"ast-content-background-meta":{"desktop":{"background-color":"var(--ast-global-color-5)","background-image":"","background-repeat":"repeat","background-position":"center center","background-size":"auto","background-attachment":"scroll","background-type":"","background-media":"","overlay-type":"","overlay-color":"","overlay-opacity":"","overlay-gradient":""},"tablet":{"background-color":"var(--ast-global-color-5)","background-image":"","background-repeat":"repeat","background-position":"center center","background-size":"auto","background-attachment":"scroll","background-type":"","background-media":"","overlay-type":"","overlay-color":"","overlay-opacity":"","overlay-gradient":""},"mobile":{"background-color":"var(--ast-global-color-5)","background-image":"","background-repeat":"repeat","background-position":"center center","background-size":"auto","background-attachment":"scroll","background-type":"","background-media":"","overlay-type":"","overlay-color":"","overlay-opacity":"","overlay-gradient":""}},"footnotes":""},"class_list":["post-11","page","type-page","status-publish","hentry"],"_links":{"self":[{"href":"https:\/\/scs.webikoo.pro\/en\/wp-json\/wp\/v2\/pages\/11","targetHints":{"allow":["GET"]}}],"collection":[{"href":"https:\/\/scs.webikoo.pro\/en\/wp-json\/wp\/v2\/pages"}],"about":[{"href":"https:\/\/scs.webikoo.pro\/en\/wp-json\/wp\/v2\/types\/page"}],"author":[{"embeddable":true,"href":"https:\/\/scs.webikoo.pro\/en\/wp-json\/wp\/v2\/users\/2"}],"replies":[{"embeddable":true,"href":"https:\/\/scs.webikoo.pro\/en\/wp-json\/wp\/v2\/comments?post=11"}],"version-history":[{"count":70,"href":"https:\/\/scs.webikoo.pro\/en\/wp-json\/wp\/v2\/pages\/11\/revisions"}],"predecessor-version":[{"id":2396,"href":"https:\/\/scs.webikoo.pro\/en\/wp-json\/wp\/v2\/pages\/11\/revisions\/2396"}],"wp:attachment":[{"href":"https:\/\/scs.webikoo.pro\/en\/wp-json\/wp\/v2\/media?parent=11"}],"curies":[{"name":"wp","href":"https:\/\/api.w.org\/{rel}","templated":true}]}}